{"id":2784,"date":"2025-02-11T17:15:29","date_gmt":"2025-02-11T15:15:29","guid":{"rendered":"https:\/\/bartelsfotografie.ch\/?page_id=2784"},"modified":"2026-01-26T18:21:58","modified_gmt":"2026-01-26T16:21:58","slug":"elementor-seite-2784","status":"publish","type":"page","link":"https:\/\/bartelsfotografie.ch\/en\/elementor-seite-2784\/","title":{"rendered":"Infos Elopement Lago di Braies"},"content":{"rendered":"<div data-elementor-type=\"wp-page\" data-elementor-id=\"2784\" class=\"elementor elementor-2784\" data-elementor-post-type=\"page\">\n\t\t\t\t<div class=\"elementor-element elementor-element-01cb902 e-flex e-con-boxed e-con e-parent\" data-id=\"01cb902\" data-element_type=\"container\">\n\t\t\t\t\t<div class=\"e-con-inner\">\n\t\t\t\t<div class=\"elementor-element elementor-element-1b9e844 elementor-widget elementor-widget-spacer\" data-id=\"1b9e844\" data-element_type=\"widget\" data-widget_type=\"spacer.default\">\n\t\t\t\t<div class=\"elementor-widget-container\">\n\t\t\t\t\t\t\t<div class=\"elementor-spacer\">\n\t\t\t<div class=\"elementor-spacer-inner\"><\/div>\n\t\t<\/div>\n\t\t\t\t\t\t<\/div>\n\t\t\t\t<\/div>\n\t\t\t\t<div class=\"elementor-element elementor-element-3c3090f elementor-widget elementor-widget-text-editor\" data-id=\"3c3090f\" data-element_type=\"widget\" data-widget_type=\"text-editor.default\">\n\t\t\t\t<div class=\"elementor-widget-container\">\n\t\t\t\t\t\t\t\t\t<p>You want to get married, but not in a big way?<\/p><p>If an elopement feels right yet you\u2019re unsure where to begin, here are a few thoughtful tips to help you get started.<\/p>\t\t\t\t\t\t\t\t<\/div>\n\t\t\t\t<\/div>\n\t\t\t\t<div class=\"elementor-element elementor-element-12870e2 elementor-widget elementor-widget-image\" data-id=\"12870e2\" data-element_type=\"widget\" data-widget_type=\"image.default\">\n\t\t\t\t<div class=\"elementor-widget-container\">\n\t\t\t\t\t\t\t\t\t\t\t\t\t\t\t<img fetchpriority=\"high\" decoding=\"async\" width=\"800\" height=\"534\" src=\"https:\/\/bartelsfotografie.ch\/wp-content\/uploads\/2025\/02\/2639_240522_bartelsfotografie-1024x683.jpg\" class=\"attachment-large size-large wp-image-2800\" alt=\"Hochzeit Pragser Wildsee\" srcset=\"https:\/\/bartelsfotografie.ch\/wp-content\/uploads\/2025\/02\/2639_240522_bartelsfotografie-1024x683.jpg 1024w, https:\/\/bartelsfotografie.ch\/wp-content\/uploads\/2025\/02\/2639_240522_bartelsfotografie-300x200.jpg 300w, https:\/\/bartelsfotografie.ch\/wp-content\/uploads\/2025\/02\/2639_240522_bartelsfotografie-768x512.jpg 768w, https:\/\/bartelsfotografie.ch\/wp-content\/uploads\/2025\/02\/2639_240522_bartelsfotografie-1536x1025.jpg 1536w, https:\/\/bartelsfotografie.ch\/wp-content\/uploads\/2025\/02\/2639_240522_bartelsfotografie-18x12.jpg 18w, https:\/\/bartelsfotografie.ch\/wp-content\/uploads\/2025\/02\/2639_240522_bartelsfotografie.jpg 2000w\" sizes=\"(max-width: 800px) 100vw, 800px\" \/>\t\t\t\t\t\t\t\t\t\t\t\t\t\t\t<\/div>\n\t\t\t\t<\/div>\n\t\t\t\t<div class=\"elementor-element elementor-element-804abaf elementor-widget elementor-widget-spacer\" data-id=\"804abaf\" data-element_type=\"widget\" data-widget_type=\"spacer.default\">\n\t\t\t\t<div class=\"elementor-widget-container\">\n\t\t\t\t\t\t\t<div class=\"elementor-spacer\">\n\t\t\t<div class=\"elementor-spacer-inner\"><\/div>\n\t\t<\/div>\n\t\t\t\t\t\t<\/div>\n\t\t\t\t<\/div>\n\t\t\t\t<div class=\"elementor-element elementor-element-8b99097 elementor-widget elementor-widget-heading\" data-id=\"8b99097\" data-element_type=\"widget\" data-widget_type=\"heading.default\">\n\t\t\t\t<div class=\"elementor-widget-container\">\n\t\t\t\t\t<h2 class=\"elementor-heading-title elementor-size-default\">Elopement in the Dolomites \u2013 Lago di Braies\n\n<\/h2>\t\t\t\t<\/div>\n\t\t\t\t<\/div>\n\t\t\t\t<div class=\"elementor-element elementor-element-fdd2c74 elementor-widget elementor-widget-spacer\" data-id=\"fdd2c74\" data-element_type=\"widget\" data-widget_type=\"spacer.default\">\n\t\t\t\t<div class=\"elementor-widget-container\">\n\t\t\t\t\t\t\t<div class=\"elementor-spacer\">\n\t\t\t<div class=\"elementor-spacer-inner\"><\/div>\n\t\t<\/div>\n\t\t\t\t\t\t<\/div>\n\t\t\t\t<\/div>\n\t\t\t\t\t<\/div>\n\t\t\t\t<\/div>\n\t\t<div class=\"elementor-element elementor-element-63da906 e-flex e-con-boxed e-con e-parent\" data-id=\"63da906\" data-element_type=\"container\">\n\t\t\t\t\t<div class=\"e-con-inner\">\n\t\t\t\t<div class=\"elementor-element elementor-element-cd36c08 elementor-widget elementor-widget-text-editor\" data-id=\"cd36c08\" data-element_type=\"widget\" data-widget_type=\"text-editor.default\">\n\t\t\t\t<div class=\"elementor-widget-container\">\n\t\t\t\t\t\t\t\t\t<p data-pm-slice=\"1 1 []\">Die Dolomiten bieten eine atemberaubende Kulisse f\u00fcr ein Elopement \u2013 und der <a href=\"https:\/\/www.prags.bz\/de\" target=\"_blank\" rel=\"noopener\"><strong data-start=\"326\" data-end=\"344\">Lago di Braies<\/strong><\/a> z\u00e4hlt ohne Zweifel zu den romantischsten Orten, die man sich vorstellen kann. Damit euer besonderer Tag genauso wird, wie ihr ihn euch w\u00fcnscht, findet ihr hier alles, was ihr f\u00fcr die Planung wissen solltet.<\/p><h3 data-start=\"558\" data-end=\"577\">\u00a0<\/h3><h3 data-start=\"558\" data-end=\"577\"><strong>Beste Reisezeit<\/strong><\/h3><p data-start=\"579\" data-end=\"645\">Die idealen Jahreszeiten f\u00fcr ein Elopement am Lago di Braies sind:<\/p><ul data-start=\"647\" data-end=\"1115\"><li data-start=\"647\" data-end=\"737\"><p data-start=\"649\" data-end=\"737\"><strong data-start=\"649\" data-end=\"675\">Fr\u00fchling (Mai \u2013 Juni):<\/strong> Weniger Besucher, saftiges Gr\u00fcn und angenehme Temperaturen.<\/p><\/li><li data-start=\"738\" data-end=\"840\"><p data-start=\"740\" data-end=\"840\"><strong data-start=\"740\" data-end=\"773\">Herbst (September \u2013 Oktober):<\/strong> Wundersch\u00f6ne Herbstfarben und eine deutlich ruhigere Atmosph\u00e4re.<\/p><\/li><li data-start=\"841\" data-end=\"992\"><p data-start=\"843\" data-end=\"992\"><strong data-start=\"843\" data-end=\"875\">Winter (Dezember \u2013 Februar):<\/strong> Eine magische, verschneite Landschaft \u2013 allerdings sehr kalt und je nach Wetterlage nicht immer leicht zug\u00e4nglich.<\/p><\/li><li data-start=\"993\" data-end=\"1115\"><p data-start=\"995\" data-end=\"1115\"><strong data-start=\"995\" data-end=\"1022\">Sommer (Juli \u2013 August):<\/strong> Traumhaft sch\u00f6n, aber Hochsaison. Fr\u00fch starten ist hier der Schl\u00fcssel zu Ruhe und Intimit\u00e4t.<\/p><\/li><\/ul><h3>\u00a0<\/h3><h3><strong>Genehmigungen &amp; Regeln<\/strong><\/h3><p data-start=\"1150\" data-end=\"1240\"><strong>Da der Lago di Braies ein gesch\u00fctztes Naturgebiet ist, gilt es ein paar Dinge zu beachten:<\/strong><\/p><ul data-start=\"1242\" data-end=\"1448\"><li data-start=\"1242\" data-end=\"1337\"><p data-start=\"1244\" data-end=\"1337\">F\u00fcr Zeremonien mit Aufbauten (z. B. B\u00f6gen, St\u00fchle) kann eine Genehmigung erforderlich sein.<\/p><\/li><li data-start=\"1338\" data-end=\"1378\"><p data-start=\"1340\" data-end=\"1378\">Drohnenfotografie ist nicht erlaubt.<\/p><\/li><li data-start=\"1379\" data-end=\"1448\"><p data-start=\"1381\" data-end=\"1448\">Bitte respektiert die Natur und bleibt auf den ausgewiesenen Wegen.<\/p><\/li><\/ul><h3>\u00a0<\/h3><h3><strong>Die sch\u00f6nsten Fotospots<\/strong><\/h3><ul data-spread=\"false\"><li data-start=\"1484\" data-end=\"1591\"><p data-start=\"1486\" data-end=\"1591\"><strong data-start=\"1486\" data-end=\"1512\">Bootshaus &amp; Holzstege:<\/strong> Perfekt f\u00fcr romantische Aufnahmen mit dem t\u00fcrkisfarbenen See im Hintergrund.<\/p><\/li><li data-start=\"1592\" data-end=\"1710\"><p data-start=\"1594\" data-end=\"1710\"><strong data-start=\"1594\" data-end=\"1617\">Rundweg um den See:<\/strong> Entlang der Wanderwege finden sich viele ruhige, intime Pl\u00e4tze abseits der Menschenmengen.<\/p><\/li><li data-start=\"1711\" data-end=\"1812\"><p data-start=\"1713\" data-end=\"1812\"><strong data-start=\"1713\" data-end=\"1731\">Passo di Giau:<\/strong> Ideal f\u00fcr Abwechslung \u2013 eine epische Bergkulisse, nur eine kurze Fahrt entfernt.<\/p><\/li><\/ul><h3>\u00a0<\/h3><h3><strong>Wetter &amp; Plan B<\/strong><\/h3><p>Das Wetter in den Dolomiten kann wechselhaft sein. Ein leichter Nieselregen kann unglaublich stimmungsvoll wirken \u2013 dennoch empfiehlt es sich, einen alternativen Ort in der N\u00e4he einzuplanen, falls sich das Wetter pl\u00f6tzlich \u00e4ndert.<\/p><h3>\u00a0<\/h3><h3><strong>Tipps f\u00fcr einen entspannten Tag<\/strong><\/h3><ul data-spread=\"false\"><li data-start=\"2114\" data-end=\"2184\"><p data-start=\"2116\" data-end=\"2184\"><strong data-start=\"2116\" data-end=\"2133\">Fr\u00fch starten:<\/strong> Besonders zum Sonnenaufgang ist es am ruhigsten.<\/p><\/li><li data-start=\"2185\" data-end=\"2273\"><p data-start=\"2187\" data-end=\"2273\"><strong data-start=\"2187\" data-end=\"2209\">Passende Kleidung:<\/strong> Zwiebellook ist ideal \u2013 morgens und abends kann es k\u00fchl sein.<\/p><\/li><li data-start=\"2274\" data-end=\"2372\"><p data-start=\"2276\" data-end=\"2372\"><strong data-start=\"2276\" data-end=\"2300\">Den Moment geniessen:<\/strong> Nehmt euch bewusst Zeit, innezuhalten und euren Tag wirklich zu f\u00fchlen.<\/p><\/li><\/ul><p>Wenn ihr Fragen habt oder Unterst\u00fctzung bei der Planung braucht, begleite ich euch sehr gern auf diesem Weg<\/p>\t\t\t\t\t\t\t\t<\/div>\n\t\t\t\t<\/div>\n\t\t\t\t<div class=\"elementor-element elementor-element-2a8bbf8 elementor-widget elementor-widget-spacer\" data-id=\"2a8bbf8\" data-element_type=\"widget\" data-widget_type=\"spacer.default\">\n\t\t\t\t<div class=\"elementor-widget-container\">\n\t\t\t\t\t\t\t<div class=\"elementor-spacer\">\n\t\t\t<div class=\"elementor-spacer-inner\"><\/div>\n\t\t<\/div>\n\t\t\t\t\t\t<\/div>\n\t\t\t\t<\/div>\n\t\t<div class=\"elementor-element elementor-element-207eec6 e-con-full e-flex e-con e-child\" data-id=\"207eec6\" data-element_type=\"container\">\n\t\t<div class=\"elementor-element elementor-element-73fe125 e-con-full e-flex e-con e-child\" data-id=\"73fe125\" data-element_type=\"container\" data-settings=\"{&quot;background_background&quot;:&quot;classic&quot;}\">\n\t\t<div class=\"elementor-element elementor-element-343d947 e-con-full e-flex e-con e-child\" data-id=\"343d947\" data-element_type=\"container\" data-settings=\"{&quot;background_background&quot;:&quot;classic&quot;}\">\n\t\t\t\t<div class=\"elementor-element elementor-element-8160378 elementor-invisible elementor-widget elementor-widget-heading\" data-id=\"8160378\" data-element_type=\"widget\" data-settings=\"{&quot;_animation&quot;:&quot;fadeIn&quot;}\" data-widget_type=\"heading.default\">\n\t\t\t\t<div class=\"elementor-widget-container\">\n\t\t\t\t\t<h2 class=\"elementor-heading-title elementor-size-default\">Get in Touch<\/h2>\t\t\t\t<\/div>\n\t\t\t\t<\/div>\n\t\t\t\t<div class=\"elementor-element elementor-element-cc9004f elementor-widget__width-initial elementor-widget-mobile__width-inherit elementor-widget elementor-widget-text-editor\" data-id=\"cc9004f\" data-element_type=\"widget\" data-widget_type=\"text-editor.default\">\n\t\t\t\t<div class=\"elementor-widget-container\">\n\t\t\t\t\t\t\t\t\t<p class=\"p1\">I\u2019d love to hear from you! Whether you have questions, want to discuss your ideas, or are ready to plan something amazing together, feel free to reach out. Let\u2019s create something unforgettable!<\/p>\t\t\t\t\t\t\t\t<\/div>\n\t\t\t\t<\/div>\n\t\t\t\t<div class=\"elementor-element elementor-element-8086579 elementor-align-center elementor-widget elementor-widget-button\" data-id=\"8086579\" data-element_type=\"widget\" data-widget_type=\"button.default\">\n\t\t\t\t<div class=\"elementor-widget-container\">\n\t\t\t\t\t\t\t\t\t<div class=\"elementor-button-wrapper\">\n\t\t\t\t\t<a class=\"elementor-button elementor-button-link elementor-size-sm elementor-animation-hang\" href=\"https:\/\/bartelsfotografie.ch\/en\/contact\/\">\n\t\t\t\t\t\t<span class=\"elementor-button-content-wrapper\">\n\t\t\t\t\t\t\t\t\t<span class=\"elementor-button-text\">Yes, let's plan our elopement \u27f6<\/span>\n\t\t\t\t\t<\/span>\n\t\t\t\t\t<\/a>\n\t\t\t\t<\/div>\n\t\t\t\t\t\t\t\t<\/div>\n\t\t\t\t<\/div>\n\t\t\t\t<\/div>\n\t\t<div class=\"elementor-element elementor-element-0cf0d08 e-con-full e-flex e-con e-child\" data-id=\"0cf0d08\" data-element_type=\"container\" data-settings=\"{&quot;background_background&quot;:&quot;classic&quot;}\">\n\t\t\t\t<\/div>\n\t\t\t\t<\/div>\n\t\t\t\t<\/div>\n\t\t\t\t\t<\/div>\n\t\t\t\t<\/div>\n\t\t\t\t<\/div>","protected":false},"excerpt":{"rendered":"<p>Ihr m\u00f6chtet heiraten, aber ganz ohne grosses Tamtam? Ein Elopement f\u00fchlt sich genau richtig an \u2013 doch ihr wisst nicht, wo ihr anfangen sollt? Keine Sorge: Ich nehme euch an die Hand und teile hier ein paar wertvolle Tipps mit euch. Elopement in the Dolomites \u2013 Lago di Braies Die Dolomiten bieten eine atemberaubende Kulisse [&hellip;]<\/p>","protected":false},"author":1,"featured_media":2793,"parent":0,"menu_order":0,"comment_status":"closed","ping_status":"closed","template":"","meta":{"narrative_post_script":"","footnotes":""},"class_list":["post-2784","page","type-page","status-publish","has-post-thumbnail","hentry"],"_links":{"self":[{"href":"https:\/\/bartelsfotografie.ch\/en\/wp-json\/wp\/v2\/pages\/2784","targetHints":{"allow":["GET"]}}],"collection":[{"href":"https:\/\/bartelsfotografie.ch\/en\/wp-json\/wp\/v2\/pages"}],"about":[{"href":"https:\/\/bartelsfotografie.ch\/en\/wp-json\/wp\/v2\/types\/page"}],"author":[{"embeddable":true,"href":"https:\/\/bartelsfotografie.ch\/en\/wp-json\/wp\/v2\/users\/1"}],"replies":[{"embeddable":true,"href":"https:\/\/bartelsfotografie.ch\/en\/wp-json\/wp\/v2\/comments?post=2784"}],"version-history":[{"count":52,"href":"https:\/\/bartelsfotografie.ch\/en\/wp-json\/wp\/v2\/pages\/2784\/revisions"}],"predecessor-version":[{"id":4380,"href":"https:\/\/bartelsfotografie.ch\/en\/wp-json\/wp\/v2\/pages\/2784\/revisions\/4380"}],"wp:featuredmedia":[{"embeddable":true,"href":"https:\/\/bartelsfotografie.ch\/en\/wp-json\/wp\/v2\/media\/2793"}],"wp:attachment":[{"href":"https:\/\/bartelsfotografie.ch\/en\/wp-json\/wp\/v2\/media?parent=2784"}],"curies":[{"name":"wp","href":"https:\/\/api.w.org\/{rel}","templated":true}]}}