{"id":3727,"date":"2025-04-08T19:07:42","date_gmt":"2025-04-08T17:07:42","guid":{"rendered":"https:\/\/bartelsfotografie.ch\/?page_id=3727"},"modified":"2025-04-08T19:08:27","modified_gmt":"2025-04-08T17:08:27","slug":"datenschutz","status":"publish","type":"page","link":"https:\/\/bartelsfotografie.ch\/en\/datenschutz\/","title":{"rendered":"Datenschutz"},"content":{"rendered":"<div data-elementor-type=\"wp-page\" data-elementor-id=\"3727\" class=\"elementor elementor-3727\" data-elementor-post-type=\"page\">\n\t\t\t\t<div class=\"elementor-element elementor-element-a005ca8 e-flex e-con-boxed e-con e-parent\" data-id=\"a005ca8\" data-element_type=\"container\">\n\t\t\t\t\t<div class=\"e-con-inner\">\n\t\t\t\t<div class=\"elementor-element elementor-element-7d36047 elementor-widget elementor-widget-text-editor\" data-id=\"7d36047\" data-element_type=\"widget\" data-widget_type=\"text-editor.default\">\n\t\t\t\t<div class=\"elementor-widget-container\">\n\t\t\t\t\t\t\t\t\t<p data-start=\"107\" data-end=\"133\"><strong data-start=\"107\" data-end=\"131\">Datenschutzerkl\u00e4rung<\/strong><\/p><p data-start=\"135\" data-end=\"292\"><strong data-start=\"135\" data-end=\"169\">1. Datenschutz auf einen Blick<\/strong><br data-start=\"169\" data-end=\"172\" \/>Der Schutz deiner pers\u00f6nlichen Daten ist mir wichtig. Hier erf\u00e4hrst du, welche Daten ich erhebe und wie ich sie nutze.<\/p><p data-start=\"294\" data-end=\"404\"><strong data-start=\"294\" data-end=\"323\">2. Verantwortliche Stelle<\/strong><br data-start=\"323\" data-end=\"326\" \/>Sandra Keller<\/p><p data-start=\"294\" data-end=\"404\">bartels photoraphy<\/p><p data-start=\"294\" data-end=\"404\">Tischenloostrasse 59<\/p><p data-start=\"294\" data-end=\"404\">8800 Thalwil<\/p><p data-start=\"294\" data-end=\"404\">sandra.bartelsfotografie@gmail.com<\/p><p data-start=\"406\" data-end=\"599\"><strong data-start=\"406\" data-end=\"461\">3. Erhebung und Speicherung personenbezogener Daten<\/strong><br data-start=\"461\" data-end=\"464\" \/>Ich erhebe und speichere personenbezogene Daten, wenn du meine Website besuchst, mich kontaktierst oder meine Dienstleistungen nutzt.<\/p><p data-start=\"601\" data-end=\"637\"><strong data-start=\"601\" data-end=\"635\">4. Zweck der Datenverarbeitung<\/strong><\/p><ul data-start=\"638\" data-end=\"788\"><li data-start=\"638\" data-end=\"680\">Bearbeitung von Anfragen und Buchungen<\/li><li data-start=\"681\" data-end=\"724\">Erf\u00fcllung vertraglicher Verpflichtungen<\/li><li data-start=\"725\" data-end=\"757\">Verbesserung meines Angebots<\/li><li data-start=\"758\" data-end=\"788\">Rechtliche Verpflichtungen<\/li><\/ul><p>\u00a0<\/p><p data-start=\"790\" data-end=\"1090\"><strong data-start=\"790\" data-end=\"825\">5. Nutzung des Kontaktformulars<\/strong><br data-start=\"825\" data-end=\"828\" \/>Wenn du mir \u00fcber das Kontaktformular eine Nachricht sendest, werden die von dir eingegebenen Daten (Name, E-Mail-Adresse, Nachricht und ggf. weitere Angaben) zur Bearbeitung deiner Anfrage gespeichert. Diese Daten gebe ich nicht ohne deine Einwilligung weiter.<\/p><p data-start=\"1092\" data-end=\"1245\"><strong data-start=\"1092\" data-end=\"1125\">6. Nutzung von Drittanbietern<\/strong><br data-start=\"1125\" data-end=\"1128\" \/>Zur Bereitstellung bestimmter Funktionen meiner Website nutze ich Drittanbieter-Dienste. Dazu geh\u00f6ren insbesondere:<\/p><ul data-start=\"1247\" data-end=\"2003\"><li data-start=\"1247\" data-end=\"1581\"><p data-start=\"1249\" data-end=\"1581\"><strong data-start=\"1249\" data-end=\"1293\">Pixieset (Webgalerie &amp; Bildauslieferung)<\/strong>: Ich nutze Pixieset, um Kunden ihre Fotos in einer passwortgesch\u00fctzten Online-Galerie bereitzustellen. Pixieset kann dabei Nutzerdaten verarbeiten. Weitere Informationen findest du in der Datenschutzerkl\u00e4rung von Pixieset: <a target=\"_new\" rel=\"noopener\" data-start=\"1517\" data-end=\"1579\">https:\/\/pixieset.com\/privacy\/<\/a><\/p><\/li><li data-start=\"1583\" data-end=\"2003\"><p data-start=\"1585\" data-end=\"2003\"><strong data-start=\"1585\" data-end=\"1642\">Kreativ.Management (Vertrags- und Formularverwaltung)<\/strong>: Ich nutze Kreativ.Management zur Verwaltung von Vertr\u00e4gen, Rechnungen und Formularen. Bei der Nutzung dieses Dienstes k\u00f6nnen personenbezogene Daten verarbeitet und gespeichert werden. Weitere Informationen findest du in der Datenschutzerkl\u00e4rung von Kreativ.Management: <a target=\"_new\" rel=\"noopener\" data-start=\"1913\" data-end=\"2001\">https:\/\/www.kreativ.management\/datenschutz<\/a><\/p><\/li><\/ul><p data-start=\"2005\" data-end=\"2126\">Falls du weitere Drittanbieter nutzt (z. B. f\u00fcr Zahlungsabwicklung oder Analyse-Tools), k\u00f6nnen wir diese hier erg\u00e4nzen.<\/p><p data-start=\"2128\" data-end=\"2496\"><strong data-start=\"2128\" data-end=\"2155\">7. Social Media Plugins<\/strong><br data-start=\"2155\" data-end=\"2158\" \/>Meine Website kann Plugins von sozialen Netzwerken wie Instagram, Facebook oder Pinterest enthalten. Wenn du eine Seite mit einem solchen Plugin besuchst, kann eine Verbindung zu diesen Diensten hergestellt werden. Dabei k\u00f6nnen Daten an die jeweiligen Plattformen \u00fcbertragen werden. Ich habe keinen Einfluss auf diese Datenverarbeitung.<\/p><p data-start=\"2498\" data-end=\"2755\"><strong data-start=\"2498\" data-end=\"2515\">8. Newsletter<\/strong><br data-start=\"2515\" data-end=\"2518\" \/>Falls du dich f\u00fcr meinen Newsletter anmeldest, speichere ich deine E-Mail-Adresse, um dir Informationen zu meinen Angeboten und Neuigkeiten zu senden. Du kannst den Newsletter jederzeit \u00fcber den Abmeldelink in jeder E-Mail abbestellen.<\/p><p data-start=\"2757\" data-end=\"2913\"><strong data-start=\"2757\" data-end=\"2784\">9. Weitergabe von Daten<\/strong><br data-start=\"2784\" data-end=\"2787\" \/>Deine Daten werden nur weitergegeben, wenn dies zur Vertragserf\u00fcllung n\u00f6tig ist oder eine gesetzliche Verpflichtung besteht.<\/p><p data-start=\"2915\" data-end=\"3041\"><strong data-start=\"2915\" data-end=\"2936\">10. Speicherdauer<\/strong><br data-start=\"2936\" data-end=\"2939\" \/>Ich speichere personenbezogene Daten nur so lange, wie es f\u00fcr den jeweiligen Zweck erforderlich ist.<\/p><p data-start=\"3043\" data-end=\"3196\"><strong data-start=\"3043\" data-end=\"3063\">11. Deine Rechte<\/strong><br data-start=\"3063\" data-end=\"3066\" \/>Du hast das Recht auf Auskunft, Berichtigung, L\u00f6schung und Einschr\u00e4nkung der Verarbeitung deiner Daten. Wende dich dazu an mich.<\/p><p data-start=\"3198\" data-end=\"3381\"><strong data-start=\"3198\" data-end=\"3239\">12. Cookies und Tracking-Technologien<\/strong><br data-start=\"3239\" data-end=\"3242\" \/>Meine Website verwendet m\u00f6glicherweise Cookies oder \u00e4hnliche Technologien. Du kannst dem widersprechen oder deine Einstellungen anpassen.<\/p><p data-start=\"3383\" data-end=\"3515\"><strong data-start=\"3383\" data-end=\"3426\">13. \u00c4nderungen der Datenschutzerkl\u00e4rung<\/strong><br data-start=\"3426\" data-end=\"3429\" \/>Diese Erkl\u00e4rung kann angepasst werden, um gesetzlichen Anforderungen zu entsprechen.<\/p>\t\t\t\t\t\t\t\t<\/div>\n\t\t\t\t<\/div>\n\t\t\t\t\t<\/div>\n\t\t\t\t<\/div>\n\t\t\t\t<\/div>","protected":false},"excerpt":{"rendered":"<p>Datenschutzerkl\u00e4rung 1. Datenschutz auf einen BlickDer Schutz deiner pers\u00f6nlichen Daten ist mir wichtig. Hier erf\u00e4hrst du, welche Daten ich erhebe und wie ich sie nutze. 2. Verantwortliche StelleSandra Keller bartels photoraphy Tischenloostrasse 59 8800 Thalwil sandra.bartelsfotografie@gmail.com 3. Erhebung und Speicherung personenbezogener DatenIch erhebe und speichere personenbezogene Daten, wenn du meine Website besuchst, mich kontaktierst oder [&hellip;]<\/p>","protected":false},"author":1,"featured_media":0,"parent":0,"menu_order":0,"comment_status":"closed","ping_status":"closed","template":"","meta":{"narrative_post_script":"","footnotes":""},"class_list":["post-3727","page","type-page","status-publish","hentry"],"_links":{"self":[{"href":"https:\/\/bartelsfotografie.ch\/en\/wp-json\/wp\/v2\/pages\/3727","targetHints":{"allow":["GET"]}}],"collection":[{"href":"https:\/\/bartelsfotografie.ch\/en\/wp-json\/wp\/v2\/pages"}],"about":[{"href":"https:\/\/bartelsfotografie.ch\/en\/wp-json\/wp\/v2\/types\/page"}],"author":[{"embeddable":true,"href":"https:\/\/bartelsfotografie.ch\/en\/wp-json\/wp\/v2\/users\/1"}],"replies":[{"embeddable":true,"href":"https:\/\/bartelsfotografie.ch\/en\/wp-json\/wp\/v2\/comments?post=3727"}],"version-history":[{"count":4,"href":"https:\/\/bartelsfotografie.ch\/en\/wp-json\/wp\/v2\/pages\/3727\/revisions"}],"predecessor-version":[{"id":3732,"href":"https:\/\/bartelsfotografie.ch\/en\/wp-json\/wp\/v2\/pages\/3727\/revisions\/3732"}],"wp:attachment":[{"href":"https:\/\/bartelsfotografie.ch\/en\/wp-json\/wp\/v2\/media?parent=3727"}],"curies":[{"name":"wp","href":"https:\/\/api.w.org\/{rel}","templated":true}]}}