{"id":534,"date":"2024-10-06T10:45:11","date_gmt":"2024-10-06T08:45:11","guid":{"rendered":"https:\/\/dev.bartelsfotografie.ch\/contact\/"},"modified":"2025-09-02T15:48:04","modified_gmt":"2025-09-02T13:48:04","slug":"contact","status":"publish","type":"page","link":"https:\/\/bartelsfotografie.ch\/en\/contact\/","title":{"rendered":"Contact weddings &amp; elopements"},"content":{"rendered":"<div data-elementor-type=\"wp-page\" data-elementor-id=\"534\" class=\"elementor elementor-534\" data-elementor-post-type=\"page\">\n\t\t\t\t<div class=\"elementor-element elementor-element-66305cb2 e-con-full e-flex e-con e-parent\" data-id=\"66305cb2\" data-element_type=\"container\" data-settings=\"{&quot;background_background&quot;:&quot;classic&quot;}\">\n\t\t<div class=\"elementor-element elementor-element-4f568e6e e-con-full e-flex e-con e-child\" data-id=\"4f568e6e\" data-element_type=\"container\" data-settings=\"{&quot;background_background&quot;:&quot;classic&quot;}\">\n\t\t<div class=\"elementor-element elementor-element-444bdc9 e-con-full e-flex e-con e-child\" data-id=\"444bdc9\" data-element_type=\"container\">\n\t\t\t\t<div class=\"elementor-element elementor-element-11a6070 elementor-icon-list--layout-traditional elementor-list-item-link-full_width elementor-widget elementor-widget-icon-list\" data-id=\"11a6070\" data-element_type=\"widget\" data-widget_type=\"icon-list.default\">\n\t\t\t\t<div class=\"elementor-widget-container\">\n\t\t\t\t\t\t\t<ul class=\"elementor-icon-list-items\">\n\t\t\t\t\t\t\t<li class=\"elementor-icon-list-item\">\n\t\t\t\t\t\t\t\t\t\t<span class=\"elementor-icon-list-text\">Phone: +41 79 613 13 71<\/span>\n\t\t\t\t\t\t\t\t\t<\/li>\n\t\t\t\t\t\t\t\t<li class=\"elementor-icon-list-item\">\n\t\t\t\t\t\t\t\t\t\t<span class=\"elementor-icon-list-text\">eMail: sandra.bartelsfotografie@gmail.com<\/span>\n\t\t\t\t\t\t\t\t\t<\/li>\n\t\t\t\t\t\t<\/ul>\n\t\t\t\t\t\t<\/div>\n\t\t\t\t<\/div>\n\t\t\t\t<\/div>\n\t\t\t\t<\/div>\n\t\t<div class=\"elementor-element elementor-element-2962d233 e-con-full e-flex e-con e-child\" data-id=\"2962d233\" data-element_type=\"container\" data-settings=\"{&quot;background_background&quot;:&quot;classic&quot;}\">\n\t\t\t\t<div class=\"elementor-element elementor-element-41efc1b elementor-widget elementor-widget-heading\" data-id=\"41efc1b\" data-element_type=\"widget\" data-widget_type=\"heading.default\">\n\t\t\t\t<div class=\"elementor-widget-container\">\n\t\t\t\t\t<h2 class=\"elementor-heading-title elementor-size-default\">I love to hear from you<\/h2>\t\t\t\t<\/div>\n\t\t\t\t<\/div>\n\t\t\t\t<div class=\"elementor-element elementor-element-a61dba1 elementor-widget elementor-widget-spacer\" data-id=\"a61dba1\" data-element_type=\"widget\" data-widget_type=\"spacer.default\">\n\t\t\t\t<div class=\"elementor-widget-container\">\n\t\t\t\t\t\t\t<div class=\"elementor-spacer\">\n\t\t\t<div class=\"elementor-spacer-inner\"><\/div>\n\t\t<\/div>\n\t\t\t\t\t\t<\/div>\n\t\t\t\t<\/div>\n\t\t\t\t<div class=\"elementor-element elementor-element-99e57f3 elementor-widget elementor-widget-text-editor\" data-id=\"99e57f3\" data-element_type=\"widget\" data-widget_type=\"text-editor.default\">\n\t\t\t\t<div class=\"elementor-widget-container\">\n\t\t\t\t\t\t\t\t\t<p class=\"translation-block\">Whether you have questions, want to share your ideas, or you\u2019re ready to start planning your wedding or elopement \u2013 I\u2019d love to hear from you.\nLet\u2019s create something truly unforgettable together \u2013 filled with real moments, honest emotions, and timeless images you\u2019ll treasure forever.<\/p><p>I usually reply within 24 hours \u2013 so if you don\u2019t hear back from me, the email might have ended up in your spam folder.<\/p>\t\t\t\t\t\t\t\t<\/div>\n\t\t\t\t<\/div>\n\t\t\t\t<div class=\"elementor-element elementor-element-d1f21f3 elementor-widget elementor-widget-html\" data-id=\"d1f21f3\" data-element_type=\"widget\" data-widget_type=\"html.default\">\n\t\t\t\t<div class=\"elementor-widget-container\">\n\t\t\t\t\t<div class=\"js-hm-form\" id=\"kreativmanagement\" data-theme=\"modern\" data-form-id=\"d80d7301-8522-43c8-84c3-bfb1dfd37908\"><\/div><script src=\"https:\/\/api.kreativ.management\/Form\/GetContactFormWidget\"><\/script>\t\t\t\t<\/div>\n\t\t\t\t<\/div>\n\t\t\t\t<\/div>\n\t\t\t\t<\/div>\n\t\t<div class=\"elementor-element elementor-element-71a07935 e-flex e-con-boxed e-con e-parent\" data-id=\"71a07935\" data-element_type=\"container\" data-settings=\"{&quot;animation&quot;:&quot;none&quot;}\">\n\t\t\t\t\t<div class=\"e-con-inner\">\n\t\t\t\t<div class=\"elementor-element elementor-element-107b26bf gallery-spacing-custom elementor-widget elementor-widget-image-gallery\" data-id=\"107b26bf\" data-element_type=\"widget\" data-widget_type=\"image-gallery.default\">\n\t\t\t\t<div class=\"elementor-widget-container\">\n\t\t\t\t\t\t\t<div class=\"elementor-image-gallery\">\n\t\t\t<div id='gallery-1' class='gallery galleryid-534 gallery-columns-3 gallery-size-full'><figure class='gallery-item'>\n\t\t\t<div class='gallery-icon landscape'>\n\t\t\t\t<a  href='https:\/\/bartelsfotografie.ch\/wp-content\/uploads\/2024\/12\/5105_220330_bartelsfotografie-scaled.jpg'><img fetchpriority=\"high\" decoding=\"async\" width=\"2560\" height=\"1707\" src=\"https:\/\/bartelsfotografie.ch\/wp-content\/uploads\/2024\/12\/5105_220330_bartelsfotografie-scaled.jpg\" class=\"attachment-full size-full\" alt=\"LGBTQA+ elopement in Iceland with destination elopement photograher\" srcset=\"https:\/\/bartelsfotografie.ch\/wp-content\/uploads\/2024\/12\/5105_220330_bartelsfotografie-scaled.jpg 2560w, https:\/\/bartelsfotografie.ch\/wp-content\/uploads\/2024\/12\/5105_220330_bartelsfotografie-300x200.jpg 300w, https:\/\/bartelsfotografie.ch\/wp-content\/uploads\/2024\/12\/5105_220330_bartelsfotografie-1024x683.jpg 1024w, https:\/\/bartelsfotografie.ch\/wp-content\/uploads\/2024\/12\/5105_220330_bartelsfotografie-768x512.jpg 768w, https:\/\/bartelsfotografie.ch\/wp-content\/uploads\/2024\/12\/5105_220330_bartelsfotografie-1536x1024.jpg 1536w, https:\/\/bartelsfotografie.ch\/wp-content\/uploads\/2024\/12\/5105_220330_bartelsfotografie-2048x1365.jpg 2048w\" sizes=\"(max-width: 2560px) 100vw, 2560px\" \/><\/a>\n\t\t\t<\/div><\/figure><figure class='gallery-item'>\n\t\t\t<div class='gallery-icon landscape'>\n\t\t\t\t<a  href='https:\/\/bartelsfotografie.ch\/wp-content\/uploads\/2024\/12\/4725_240910_bartelsfotografie.jpg'><img decoding=\"async\" width=\"1024\" height=\"683\" src=\"https:\/\/bartelsfotografie.ch\/wp-content\/uploads\/2024\/12\/4725_240910_bartelsfotografie.jpg\" class=\"attachment-full size-full\" alt=\"Getting eloped with Elopement photographer Dolomites\" aria-describedby=\"gallery-1-822\" srcset=\"https:\/\/bartelsfotografie.ch\/wp-content\/uploads\/2024\/12\/4725_240910_bartelsfotografie.jpg 1024w, https:\/\/bartelsfotografie.ch\/wp-content\/uploads\/2024\/12\/4725_240910_bartelsfotografie-300x200.jpg 300w, https:\/\/bartelsfotografie.ch\/wp-content\/uploads\/2024\/12\/4725_240910_bartelsfotografie-768x512.jpg 768w\" sizes=\"(max-width: 1024px) 100vw, 1024px\" \/><\/a>\n\t\t\t<\/div>\n\t\t\t\t<figcaption class='wp-caption-text gallery-caption' id='gallery-1-822'>\n\t\t\t\telopement photographer Dolomites\n\t\t\t\t<\/figcaption><\/figure><figure class='gallery-item'>\n\t\t\t<div class='gallery-icon landscape'>\n\t\t\t\t<a  href='https:\/\/bartelsfotografie.ch\/wp-content\/uploads\/2024\/12\/4461_210807_bartelsfotografie-scaled.jpg'><img decoding=\"async\" width=\"2560\" height=\"1707\" src=\"https:\/\/bartelsfotografie.ch\/wp-content\/uploads\/2024\/12\/4461_210807_bartelsfotografie-scaled.jpg\" class=\"attachment-full size-full\" alt=\"Hochzeitslocation Moschti St\u00e4fa\" aria-describedby=\"gallery-1-821\" srcset=\"https:\/\/bartelsfotografie.ch\/wp-content\/uploads\/2024\/12\/4461_210807_bartelsfotografie-scaled.jpg 2560w, https:\/\/bartelsfotografie.ch\/wp-content\/uploads\/2024\/12\/4461_210807_bartelsfotografie-300x200.jpg 300w, https:\/\/bartelsfotografie.ch\/wp-content\/uploads\/2024\/12\/4461_210807_bartelsfotografie-1024x683.jpg 1024w, https:\/\/bartelsfotografie.ch\/wp-content\/uploads\/2024\/12\/4461_210807_bartelsfotografie-768x512.jpg 768w, https:\/\/bartelsfotografie.ch\/wp-content\/uploads\/2024\/12\/4461_210807_bartelsfotografie-1536x1024.jpg 1536w, https:\/\/bartelsfotografie.ch\/wp-content\/uploads\/2024\/12\/4461_210807_bartelsfotografie-2048x1365.jpg 2048w\" sizes=\"(max-width: 2560px) 100vw, 2560px\" \/><\/a>\n\t\t\t<\/div>\n\t\t\t\t<figcaption class='wp-caption-text gallery-caption' id='gallery-1-821'>\n\t\t\t\tHochzeit Moschti St\u00e4fa\n\t\t\t\t<\/figcaption><\/figure>\n\t\t<\/div>\n\t\t<\/div>\n\t\t\t\t\t\t<\/div>\n\t\t\t\t<\/div>\n\t\t\t\t\t<\/div>\n\t\t\t\t<\/div>\n\t\t<div class=\"elementor-element elementor-element-e75652 e-flex e-con-boxed e-con e-parent\" data-id=\"e75652\" data-element_type=\"container\" data-settings=\"{&quot;background_background&quot;:&quot;classic&quot;}\">\n\t\t\t\t\t<div class=\"e-con-inner\">\n\t\t\t\t<div class=\"elementor-element elementor-element-32753b2c elementor-invisible elementor-widget elementor-widget-heading\" data-id=\"32753b2c\" data-element_type=\"widget\" data-settings=\"{&quot;_animation&quot;:&quot;fadeIn&quot;}\" data-widget_type=\"heading.default\">\n\t\t\t\t<div class=\"elementor-widget-container\">\n\t\t\t\t\t<h2 class=\"elementor-heading-title elementor-size-default\">kind words<\/h2>\t\t\t\t<\/div>\n\t\t\t\t<\/div>\n\t\t<div class=\"elementor-element elementor-element-2967867b e-con-full e-flex e-con e-child\" data-id=\"2967867b\" data-element_type=\"container\" data-settings=\"{&quot;background_background&quot;:&quot;classic&quot;}\">\n\t\t\t\t<div class=\"elementor-element elementor-element-7fea3495 elementor-widget__width-initial elementor-testimonial--skin-default elementor-testimonial--layout-image_inline elementor-testimonial--align-center elementor-arrows-yes elementor-pagination-type-bullets elementor-widget elementor-widget-testimonial-carousel\" data-id=\"7fea3495\" data-element_type=\"widget\" data-settings=\"{&quot;space_between&quot;:{&quot;unit&quot;:&quot;px&quot;,&quot;size&quot;:0,&quot;sizes&quot;:[]},&quot;show_arrows&quot;:&quot;yes&quot;,&quot;pagination&quot;:&quot;bullets&quot;,&quot;speed&quot;:500,&quot;autoplay&quot;:&quot;yes&quot;,&quot;autoplay_speed&quot;:5000,&quot;loop&quot;:&quot;yes&quot;,&quot;pause_on_hover&quot;:&quot;yes&quot;,&quot;pause_on_interaction&quot;:&quot;yes&quot;,&quot;space_between_tablet&quot;:{&quot;unit&quot;:&quot;px&quot;,&quot;size&quot;:10,&quot;sizes&quot;:[]},&quot;space_between_mobile&quot;:{&quot;unit&quot;:&quot;px&quot;,&quot;size&quot;:10,&quot;sizes&quot;:[]}}\" data-widget_type=\"testimonial-carousel.default\">\n\t\t\t\t<div class=\"elementor-widget-container\">\n\t\t\t\t\t\t\t\t\t<div class=\"elementor-swiper\">\n\t\t\t\t\t<div class=\"elementor-main-swiper swiper\" role=\"region\" aria-roledescription=\"carousel\" aria-label=\"Slider\">\n\t\t\t\t<div class=\"swiper-wrapper\">\n\t\t\t\t\t\t\t\t\t\t\t<div class=\"swiper-slide\" role=\"group\" aria-roledescription=\"slide\">\n\t\t\t\t\t\t\t\t\t<div class=\"elementor-testimonial\">\n\t\t\t\t\t\t\t<div class=\"elementor-testimonial__content\">\n\t\t\t\t\t<div class=\"elementor-testimonial__text\">\n\t\t\t\t\t\tVielen lieben Dank f\u00fcr die wundersch\u00f6nen Fotos, die Sandra bei unserer Hochzeit auf Maui gemacht hat! Durch ihre Erfahrung mit anderen Hochzeiten konnte sie uns auch mit guten Tipps weiterhelfen! \nIhre herzliche, sympathische Art hat uns viel Nervosit\u00e4t an unserem besonderen Tag genommen! \nWir empfehlen sie von Herzen gerne weiter!! \t\t\t\t\t<\/div>\n\t\t\t\t\t\t\t\t\t<\/div>\n\t\t\t\t\t\t<div class=\"elementor-testimonial__footer\">\n\t\t\t\t\t\t\t\t\t<div class=\"elementor-testimonial__image\">\n\t\t\t\t\t\t<img decoding=\"async\" src=\"https:\/\/bartelsfotografie.ch\/wp-content\/uploads\/2024\/11\/2728_240429_bartelsfotografie.jpg\" alt=\"Wedding rehearsal Seychelles\">\n\t\t\t\t\t\t\t\t\t\t\t<\/div>\n\t\t\t\t\t\t\t\t<cite class=\"elementor-testimonial__cite\"><span class=\"elementor-testimonial__name\">Gerlinde & Stephan<\/span><span class=\"elementor-testimonial__title\">Seychelles<\/span><\/cite>\t\t\t<\/div>\n\t\t<\/div>\n\t\t\t\t\t\t\t\t<\/div>\n\t\t\t\t\t\t\t\t\t\t\t<div class=\"swiper-slide\" role=\"group\" aria-roledescription=\"slide\">\n\t\t\t\t\t\t\t\t\t<div class=\"elementor-testimonial\">\n\t\t\t\t\t\t\t<div class=\"elementor-testimonial__content\">\n\t\t\t\t\t<div class=\"elementor-testimonial__text\">\n\t\t\t\t\t\tSandra war f\u00fcr uns die perfekte Wahl ! \ud83d\ude42\n<p>Gefunden haben wir Sandra via Instagram. Ihre Fotos - die warmen Farben und vielen abgebildeten Emotionen - haben uns sehr angesprochen. Deshalb haben wir sie angefragt und sie hatte gl\u00fccklicherweise noch Kapazit\u00e4t f\u00fcr unseren Hochzeitstag.\u00a0Schon beim Kennenlerntermin haben wir gemerkt, dass sie uns sehr sympatisch ist und wir uns mit ihr sehr wohl gef\u00fchlt hatten. Das war uns sehr wichtig. Die Kommunikation war immer unkompliziert.<\/p>\nAn unserem Hochzeitstag hat alles wie vereinbart geklappt! Sie hat jeden Moment perfekt f\u00fcr uns eingefangen und wir haben sie aber dennoch nicht wahrgenommen. Highlight: Dank ihrer Flexibilit\u00e4t konnten wir an diesem verregneten Tag dann spontan um 2h verl\u00e4ngern, denn es kam seeehr unerwartet noch die Sonne raus. Daraus entstanden sind wundersch\u00f6ne Sonnenuntergangs-Fotos.\u00a0\n<p>Mit dem Resultat sind wir \u00fcbergl\u00fccklich: wir haben die Fotos viel schneller erhalten als erwartet und wir haben viel mehr Fotos erhalten als erwartet. Wir k\u00f6nnen Sandra allen weiterempfehlen und w\u00fcrden sie jederzeit wieder engagieren!\u00a0<\/p>\t\t\t\t\t<\/div>\n\t\t\t\t\t\t\t\t\t<\/div>\n\t\t\t\t\t\t<div class=\"elementor-testimonial__footer\">\n\t\t\t\t\t\t\t\t\t<div class=\"elementor-testimonial__image\">\n\t\t\t\t\t\t<img decoding=\"async\" src=\"https:\/\/bartelsfotografie.ch\/wp-content\/uploads\/2024\/11\/3854_240622_bartelsfotografie.jpg\" alt=\"Jessica &amp; Armando\">\n\t\t\t\t\t\t\t\t\t\t\t<\/div>\n\t\t\t\t\t\t\t\t<cite class=\"elementor-testimonial__cite\"><span class=\"elementor-testimonial__name\">Jessica & Armando<\/span><span class=\"elementor-testimonial__title\">Wangen \/ Switzerland<\/span><\/cite>\t\t\t<\/div>\n\t\t<\/div>\n\t\t\t\t\t\t\t\t<\/div>\n\t\t\t\t\t\t\t\t\t\t\t<div class=\"swiper-slide\" role=\"group\" aria-roledescription=\"slide\">\n\t\t\t\t\t\t\t\t\t<div class=\"elementor-testimonial\">\n\t\t\t\t\t\t\t<div class=\"elementor-testimonial__content\">\n\t\t\t\t\t<div class=\"elementor-testimonial__text\">\n\t\t\t\t\t\t<p>We had a great experience celebrating our wedding with Sandra. We first had an in person discussion where she was very patiently explaining everything. <p>Throughout the weeks leading up to the wedding, she was checking in with us about the timeline. On the wedding day everything went according to plan, we had a photoshoot before, during and after the civil wedding. <p>She also had a videographer who did a great job as well. We got a few photos of sneak peak the day after the wedding that we could share with friend and family. Then all the photos and the video were uploaded to a gallery that we could share. <p>Everyone who has seen our photos were complementing our photographer. We could only recommend Sandra. Thank you very much for everything.<\/p>\t\t\t\t\t<\/div>\n\t\t\t\t\t\t\t\t\t<\/div>\n\t\t\t\t\t\t<div class=\"elementor-testimonial__footer\">\n\t\t\t\t\t\t\t\t\t<div class=\"elementor-testimonial__image\">\n\t\t\t\t\t\t<img decoding=\"async\" src=\"https:\/\/bartelsfotografie.ch\/wp-content\/uploads\/2024\/11\/4713_230621_bartelsfotografie.jpg\" alt=\"Britta &amp; Rouzbeh\">\n\t\t\t\t\t\t\t\t\t\t\t<\/div>\n\t\t\t\t\t\t\t\t<cite class=\"elementor-testimonial__cite\"><span class=\"elementor-testimonial__name\">Britta & Rouzbeh<\/span><span class=\"elementor-testimonial__title\">Thalwil \/ Switzerland<\/span><\/cite>\t\t\t<\/div>\n\t\t<\/div>\n\t\t\t\t\t\t\t\t<\/div>\n\t\t\t\t\t\t\t\t\t\t\t<div class=\"swiper-slide\" role=\"group\" aria-roledescription=\"slide\">\n\t\t\t\t\t\t\t\t\t<div class=\"elementor-testimonial\">\n\t\t\t\t\t\t\t<div class=\"elementor-testimonial__content\">\n\t\t\t\t\t<div class=\"elementor-testimonial__text\">\n\t\t\t\t\t\t<p>F\u00fcr unsere Hochzeit als auch f\u00fcr das vorg\u00e4ngige Shooting f\u00fcr die Hompage hatten wir Sandra als unsere Fotografin gebucht. <p>Wie sich herausstellte war sie schliesslich wesentlich mehr als das - Neben dem kompletten Equipment f\u00fcr jede erdenkliche Fotoszene brachte sie in ihrem Rucksack sp\u00fcrbar reichlich Erfahrung f\u00fcr eine absolut professionelle, flexible und angenehme Zusammenarbeit. Dies nicht nur was das Fotografieren betrifft, sondern auch hinsichtlich Hochzeitsvorbereitungen im Allgemeinen oder f\u00fcr die Koordination der G\u00e4ste am grossen Tag selbst.<p> Die Bilder liessen keine W\u00fcnsche offen und standen rasch und \u00fcber mehrere Kan\u00e4le einfach zug\u00e4nglich und hochqualitativ zu Verf\u00fcgung. Sandra ist in jeder Hinsicht die perfekte Wahl als HZ-Fotografin und wir empfehlen sie w\u00e4rmstens!\u00a0<\/p>\t\t\t\t\t<\/div>\n\t\t\t\t\t\t\t\t\t<\/div>\n\t\t\t\t\t\t<div class=\"elementor-testimonial__footer\">\n\t\t\t\t\t\t\t\t<cite class=\"elementor-testimonial__cite\"><span class=\"elementor-testimonial__name\">Pascale & Mike<\/span><span class=\"elementor-testimonial__title\">Thalwil \/ Switzerland<\/span><\/cite>\t\t\t<\/div>\n\t\t<\/div>\n\t\t\t\t\t\t\t\t<\/div>\n\t\t\t\t\t\t\t\t\t\t\t<div class=\"swiper-slide\" role=\"group\" aria-roledescription=\"slide\">\n\t\t\t\t\t\t\t\t\t<div class=\"elementor-testimonial\">\n\t\t\t\t\t\t\t<div class=\"elementor-testimonial__content\">\n\t\t\t\t\t<div class=\"elementor-testimonial__text\">\n\t\t\t\t\t\t<p>Liebe Sandra<\/p>\n<p>Durch deine wundervollen Fotos erleben wir unseren grossen Tag immer wieder aufs Neue....wundersch\u00f6n!<\/p>\n<p>Ganz herzlichen Dank f\u00fcr all die M\u00fche und Liebe, die du in die Fotos gesteckt hast!! Immer wieder gerne &lt;3&lt;3&lt;3<\/p>\t\t\t\t\t<\/div>\n\t\t\t\t\t\t\t\t\t<\/div>\n\t\t\t\t\t\t<div class=\"elementor-testimonial__footer\">\n\t\t\t\t\t\t\t\t<cite class=\"elementor-testimonial__cite\"><span class=\"elementor-testimonial__name\">Manja & Domenika<\/span><span class=\"elementor-testimonial__title\">Insel Mainau \/ Deutschland<\/span><\/cite>\t\t\t<\/div>\n\t\t<\/div>\n\t\t\t\t\t\t\t\t<\/div>\n\t\t\t\t\t\t\t\t\t\t\t<div class=\"swiper-slide\" role=\"group\" aria-roledescription=\"slide\">\n\t\t\t\t\t\t\t\t\t<div class=\"elementor-testimonial\">\n\t\t\t\t\t\t\t<div class=\"elementor-testimonial__content\">\n\t\t\t\t\t<div class=\"elementor-testimonial__text\">\n\t\t\t\t\t\tLiebe Sandra<p>\nWir m\u00f6chten dir an dieser Stelle nochmals ganz herzlich f\u00fcr deine wundersch\u00f6ne Bilder, die du von unserem besonderen Tag gemacht hast, bedanken. <p>Seit der ersten Begegnung hast du uns mit deine herzliche Art in dein Herz geschlossen. Du bist unglaublich talentiert und hast so ein tolles Auge f\u00fcr \u00c4sthetik, deine Bilder sprechen einfach f\u00fcr sich. Wir w\u00fcnschen dir f\u00fcr die Zukunft alles Gute und freuen uns schon auf den n\u00e4chsten Anlass, den wir von dir festhalten lassen m\u00f6chten.\n<p>Alles Liebe\nAlessa & Pascal\t\t\t\t\t<\/div>\n\t\t\t\t\t\t\t\t\t<\/div>\n\t\t\t\t\t\t<div class=\"elementor-testimonial__footer\">\n\t\t\t\t\t\t\t\t<cite class=\"elementor-testimonial__cite\"><span class=\"elementor-testimonial__name\">Alessa & Pascal<\/span><span class=\"elementor-testimonial__title\">Gartenatelier Domt\/Ems \/ Switzerland<\/span><\/cite>\t\t\t<\/div>\n\t\t<\/div>\n\t\t\t\t\t\t\t\t<\/div>\n\t\t\t\t\t\t\t\t\t<\/div>\n\t\t\t\t\t\t\t\t\t\t\t\t\t\t\t<div class=\"elementor-swiper-button elementor-swiper-button-prev\" role=\"button\" tabindex=\"0\" aria-label=\"Previous\" data-no-translation-aria-label=\"\">\n\t\t\t\t\t\t\t<svg aria-hidden=\"true\" class=\"e-font-icon-svg e-eicon-chevron-left\" viewbox=\"0 0 1000 1000\" xmlns=\"http:\/\/www.w3.org\/2000\/svg\"><path d=\"M646 125C629 125 613 133 604 142L308 442C296 454 292 471 292 487 292 504 296 521 308 533L604 854C617 867 629 875 646 875 663 875 679 871 692 858 704 846 713 829 713 812 713 796 708 779 692 767L438 487 692 225C700 217 708 204 708 187 708 171 704 154 692 142 675 129 663 125 646 125Z\"><\/path><\/svg>\t\t\t\t\t\t<\/div>\n\t\t\t\t\t\t<div class=\"elementor-swiper-button elementor-swiper-button-next\" role=\"button\" tabindex=\"0\" aria-label=\"Next\" data-no-translation-aria-label=\"\">\n\t\t\t\t\t\t\t<svg aria-hidden=\"true\" class=\"e-font-icon-svg e-eicon-chevron-right\" viewbox=\"0 0 1000 1000\" xmlns=\"http:\/\/www.w3.org\/2000\/svg\"><path d=\"M696 533C708 521 713 504 713 487 713 471 708 454 696 446L400 146C388 133 375 125 354 125 338 125 325 129 313 142 300 154 292 171 292 187 292 204 296 221 308 233L563 492 304 771C292 783 288 800 288 817 288 833 296 850 308 863 321 871 338 875 354 875 371 875 388 867 400 854L696 533Z\"><\/path><\/svg>\t\t\t\t\t\t<\/div>\n\t\t\t\t\t\t\t\t\t\t\t\t\t\t\t\t<div class=\"swiper-pagination\"><\/div>\n\t\t\t\t\t\t\t\t\t\t\t\t<\/div>\n\t\t\t\t<\/div>\n\t\t\t\t\t\t\t\t<\/div>\n\t\t\t\t<\/div>\n\t\t\t\t<\/div>\n\t\t\t\t\t<\/div>\n\t\t\t\t<\/div>\n\t\t\t\t<\/div>","protected":false},"excerpt":{"rendered":"<p>Phone: +41 79 613 13 71 eMail: sandra.bartelsfotografie@gmail.com I love to hear from you Egal, ob ihr Fragen habt, eure Ideen mit mir teilen m\u00f6chtet oder bereit seid, eure Hochzeit oder euer Elopement zu planen \u2013 ich freue mich riesig auf eure Nachricht.Lasst uns gemeinsam etwas Unvergessliches schaffen \u2013 mit echten Momenten, ehrlichen Emotionen und [&hellip;]<\/p>","protected":false},"author":1,"featured_media":975,"parent":0,"menu_order":0,"comment_status":"closed","ping_status":"closed","template":"","meta":{"narrative_post_script":"","footnotes":""},"class_list":["post-534","page","type-page","status-publish","has-post-thumbnail","hentry"],"_links":{"self":[{"href":"https:\/\/bartelsfotografie.ch\/en\/wp-json\/wp\/v2\/pages\/534","targetHints":{"allow":["GET"]}}],"collection":[{"href":"https:\/\/bartelsfotografie.ch\/en\/wp-json\/wp\/v2\/pages"}],"about":[{"href":"https:\/\/bartelsfotografie.ch\/en\/wp-json\/wp\/v2\/types\/page"}],"author":[{"embeddable":true,"href":"https:\/\/bartelsfotografie.ch\/en\/wp-json\/wp\/v2\/users\/1"}],"replies":[{"embeddable":true,"href":"https:\/\/bartelsfotografie.ch\/en\/wp-json\/wp\/v2\/comments?post=534"}],"version-history":[{"count":142,"href":"https:\/\/bartelsfotografie.ch\/en\/wp-json\/wp\/v2\/pages\/534\/revisions"}],"predecessor-version":[{"id":4004,"href":"https:\/\/bartelsfotografie.ch\/en\/wp-json\/wp\/v2\/pages\/534\/revisions\/4004"}],"wp:featuredmedia":[{"embeddable":true,"href":"https:\/\/bartelsfotografie.ch\/en\/wp-json\/wp\/v2\/media\/975"}],"wp:attachment":[{"href":"https:\/\/bartelsfotografie.ch\/en\/wp-json\/wp\/v2\/media?parent=534"}],"curies":[{"name":"wp","href":"https:\/\/api.w.org\/{rel}","templated":true}]}}